{"id":77,"date":"2024-01-10T15:02:11","date_gmt":"2024-01-10T15:02:11","guid":{"rendered":"https:\/\/littleleagueoost.nl\/index.php\/one-page-express\/"},"modified":"2026-03-10T12:38:47","modified_gmt":"2026-03-10T12:38:47","slug":"one-page-express","status":"publish","type":"page","link":"https:\/\/littleleagueoost.nl\/","title":{"rendered":"Front Page"},"content":{"rendered":"\u00a0\u00a0<h3>Ontwikkeling, teamwork en plezier voor jonge honkballers en softbalsters uit Oost Nederland!<\/h3><p>En dat komt allemaal samen tijdens het NK Little League in het Pinksterweekend, 23-24-25 mei 2026. Wedstrijden voor de honkballers worden gespeeld in Rosmalen en Hoofddorp en de softbalsters mogen als vanouds aantreden in het altijd gezellige Almere!<\/p><p><a style=\"font-family: 'Source Sans Pro', sans-serif;\" href=\"#\" target=\"_self\" rel=\"noopener\" data-icon=\"\">Schrijf je vandaag nog in!<\/a><\/p>\u00a0<h2>Teams en leeftijden<\/h2><p>Op basis van je leeftijd wordt je ingedeeld bij \u00e9\u00e9n van de teams, gebaseerd op de categorie\u00ebn zoals NK Little League en de internationale Little League organisatie deze hanteert. Er zit overlap in de verschillende categorie\u00ebn. Dat biedt vrijdheid in het samenstellen van de teams waar wij op basis van kwaliteit en algemeen belang keuzes zullen maken. Eventueel in overleg met betrokken spelers\/ speelsters \u00a0en hun ouders.<\/p><p><img decoding=\"async\" src=\"https:\/\/littleleagueoost.nl\/wp-content\/uploads\/2024\/01\/icon_bb_littles.png\" alt=\"\" \/><\/p><h4>Honkbal<\/h4><p>Leeftijd 10 t\/m 12 jaar\u00a0<\/p><p><img decoding=\"async\" src=\"https:\/\/littleleagueoost.nl\/wp-content\/uploads\/2024\/01\/icon_sb_littles.png\" alt=\"\" \/><\/p><h4>softbal\u00a0<\/h4><p>Leeftijd 10 t\/m 12 jaar\u00a0<\/p><p><img decoding=\"async\" src=\"https:\/\/littleleagueoost.nl\/wp-content\/uploads\/2024\/01\/icon_bb_intermediate.png\" alt=\"\" \/><\/p><h4>Honkbal\u00a0<\/h4><p>Leeftijd 11 t\/m 13 jaar\u00a0<\/p><p><img decoding=\"async\" src=\"https:\/\/littleleagueoost.nl\/wp-content\/uploads\/2024\/01\/icon_bb_juniors.png\" alt=\"\" \/><\/p><h4>Honkbal<\/h4><p>Leeftijd 12 t\/m 14 jaar\u00a0<\/p><p><img decoding=\"async\" src=\"https:\/\/littleleagueoost.nl\/wp-content\/uploads\/2024\/01\/icon_sb_juniors.png\" alt=\"\" \/><\/p><h4>Softbal<\/h4><p>Leeftijd 12 t\/m 14 jaar\u00a0<\/p><p><img decoding=\"async\" src=\"https:\/\/littleleagueoost.nl\/wp-content\/uploads\/2024\/01\/icon_bb_seniors.png\" alt=\"\" \/><\/p><h4>Honkbal<\/h4><p>Leeftijd 14 t\/m 16 jaar\u00a0<\/p><p><img decoding=\"async\" src=\"https:\/\/littleleagueoost.nl\/wp-content\/uploads\/2024\/01\/icon_sb_seniors.png\" alt=\"\" \/><\/p><h4>Softbal<\/h4><p>Leeftijd 14 t\/m 16 jaar\u00a0<\/p><h3><b>Trainingen<\/b><\/h3><p>Het programma bestaat uit 3 trainingen voor alle deelnemers, deze vinden plaats op 10, 17 en 24 april. Voor de geselecteerde spelers volgen eventueel nog 1 of 2 extra trainingen. Lokaties en tijden volgens zo gauw deze bekend zijn!<\/p><img fetchpriority=\"high\" decoding=\"async\" src=\"https:\/\/littleleagueoost.nl\/wp-content\/uploads\/2026\/03\/LL-248x300.png\" alt=\"\" width=\"357\" height=\"432\" \/><h2>INSCHRIJVEN\u00a0<\/h2><p>Inschrijven voor de Little League doe je centraal bij Little League Nederland. Zij geven jouw gegevens aan ons door en dan pakken wij het verder op.<\/p><p>Wij brengen voor de voorselectietrainingen \u20ac70 in rekening die voorafgaand aan de trainingen betaalt moet worden. Wordt je geselecteerd en je hebt nog geen uniform dan kan je bij ons een jersey (\u20ac39,50), sokken (\u20ac15) en een cap (\u20ac35) aanschaffen. Heb je deze nog van vorig jaar dan is dat uiteraard niet nodig!<\/p><p><a href=\"https:\/\/nklittleleague.nl\/inschrijven-spelers\" target=\"_self\" rel=\"noopener\" data-icon=\"\"> Inschrijven bij Little League Nederland <\/a><\/p><h2>Over Ons<\/h2><p>Honkbal- en Softbalidioten, that pretty much sums it up!<\/p><p>Wij hebben de handschoen opgepakt om alle jeugdige spelers in regio Oost Nederland een onvergetelijke ervaring te geven op het NK Little League 2026. Voor ons staan persoonlijke ontwikkeling, teamwork en spelplezier hoog in het vaandel. So let\u2019s go, schrijf je in voor het NK Little League 2026<\/p><p><img decoding=\"async\" src=\"https:\/\/littleleagueoost.nl\/wp-content\/uploads\/2024\/01\/cropped-416103_textown.png\" alt=\"\" data-size=\"500x500\" \/><\/p><h4>Liam Stolmeijer<\/h4><p>Coach Honkbal<\/p>\u00a0<p><img decoding=\"async\" src=\"https:\/\/littleleagueoost.nl\/wp-content\/uploads\/2024\/01\/cropped-1643709181963.jpeg\" alt=\"\" data-size=\"500x500\" \/><\/p><h4>Sanne Bolhuis<\/h4><p>Coach Softbal<\/p>\u00a0<p><img decoding=\"async\" src=\"https:\/\/littleleagueoost.nl\/wp-content\/uploads\/2024\/01\/cropped-Foto-Dene.jpg\" alt=\"\" data-size=\"500x500\" \/><\/p><h4>Dene Guillot<\/h4><p>Regioco\u00f6rdinator<\/p>\u00a0<p><img decoding=\"async\" src=\"https:\/\/littleleagueoost.nl\/wp-content\/uploads\/2026\/03\/images-5.jpeg\" alt=\"\" width=\"145\" height=\"116\" \/><\/p><h4>Myrthe Smid<\/h4><p>Coach Softbal<\/p>\u00a0<p>\u00a0 \u00a0<img decoding=\"async\" src=\"https:\/\/littleleagueoost.nl\/wp-content\/uploads\/2026\/03\/Nikki.jpeg\" alt=\"\" width=\"117\" height=\"117\" \/><\/p><h4>Nikki Wachtmeester\u00a0<\/h4><p>Algemene zaken<\/p>\u00a0<p><img loading=\"lazy\" decoding=\"async\" src=\"https:\/\/littleleagueoost.nl\/wp-content\/uploads\/2026\/03\/Jurre-e1773143493428-253x300.jpeg\" alt=\"\" width=\"105\" height=\"124\" \/><\/p><h4>Jurre Wijker<\/h4><p>Coach Softbal<\/p>\u00a0<p><img loading=\"lazy\" decoding=\"async\" src=\"https:\/\/littleleagueoost.nl\/wp-content\/uploads\/2026\/03\/Mirko-2-300x294.png\" alt=\"\" width=\"123\" height=\"121\" \/><\/p><h4>Mirko Weustink<\/h4><p>Social media<\/p>\u00a0<p><img decoding=\"async\" src=\"https:\/\/littleleagueoost.nl\/wp-content\/uploads\/2024\/01\/cropped-cropped-terrence-giribaldie.jpg\" alt=\"\" data-size=\"500x500\" \/><\/p><h4>Terrence Giribaldie<\/h4><p>TC Honkbal<\/p>\u00a0<p><img loading=\"lazy\" decoding=\"async\" src=\"https:\/\/littleleagueoost.nl\/wp-content\/uploads\/2026\/03\/Michelle-300x237.jpeg\" alt=\"\" width=\"162\" height=\"128\" \/><\/p><h4>Michelle Schuur<\/h4><p>Coach Softbal<\/p>\u00a0<p><img loading=\"lazy\" decoding=\"async\" src=\"https:\/\/littleleagueoost.nl\/wp-content\/uploads\/2026\/03\/aafje-2-300x291.png\" alt=\"\" width=\"125\" height=\"121\" \/><\/p><h4>Aafje van Baal<\/h4><p>Coach Softbal<\/p>\u00a0<p><img loading=\"lazy\" decoding=\"async\" src=\"https:\/\/littleleagueoost.nl\/wp-content\/uploads\/2026\/03\/1605113919328.jpeg\" alt=\"\" width=\"124\" height=\"124\" \/><\/p><h4>Shaneequa Kock<\/h4><p>Coach Softbal<\/p>\u00a0<p><img loading=\"lazy\" decoding=\"async\" src=\"https:\/\/littleleagueoost.nl\/wp-content\/uploads\/2026\/03\/Guus-e1773144603569-282x300.jpeg\" alt=\"\" width=\"121\" height=\"128\" \/><\/p><h4>Guus Kuper<\/h4><p>Coach Honkbal<\/p><h4>\u00a0<\/h4><h4><img loading=\"lazy\" decoding=\"async\" src=\"https:\/\/littleleagueoost.nl\/wp-content\/uploads\/2026\/03\/Kelly-e1773143380957-262x300.jpeg\" alt=\"\" width=\"127\" height=\"145\" \/><\/h4><h4>Kelly Hoenen<\/h4><p>Coach Softbal<\/p><h2>Verenigingen<\/h2><p>De indeling per regio is gebaseerd op je postcode. Uitzonderingen daar gelaten maar in principe kan je er vanuit gaan dat als je bij \u00e9\u00e9n van deze verenigingen lid bent dat je ingedeeld wordt bij Regio Oost Nederland<\/p><a href=\"#\" target=\"_self\" rel=\"noopener\"><img decoding=\"async\" src=\"https:\/\/littleleagueoost.nl\/wp-content\/uploads\/2024\/01\/wsb.jpeg\" \/><\/a><a href=\"#\" target=\"_self\" rel=\"noopener\"><img decoding=\"async\" src=\"https:\/\/littleleagueoost.nl\/wp-content\/uploads\/2024\/01\/u55_logo_twitter.png\" \/><\/a><a href=\"#\" target=\"_self\" rel=\"noopener\"><img decoding=\"async\" src=\"https:\/\/littleleagueoost.nl\/wp-content\/uploads\/2024\/01\/textowntigers.png\" \/><\/a><a href=\"#\" target=\"_self\" rel=\"noopener\"><img decoding=\"async\" src=\"https:\/\/littleleagueoost.nl\/wp-content\/uploads\/2024\/01\/ROBUR-1024x1024-1.png\" \/><\/a><a href=\"#\" target=\"_self\" rel=\"noopener\"><img decoding=\"async\" src=\"https:\/\/littleleagueoost.nl\/wp-content\/uploads\/2024\/01\/moorfielders.png\" \/><\/a><a href=\"#\" target=\"_self\" rel=\"noopener\"><img decoding=\"async\" src=\"https:\/\/littleleagueoost.nl\/wp-content\/uploads\/2024\/01\/matchmakers.png\" \/><\/a><a href=\"#\" target=\"_self\" rel=\"noopener\"><img decoding=\"async\" src=\"https:\/\/littleleagueoost.nl\/wp-content\/uploads\/2024\/01\/LogoBlueSocks.jpg\" \/><\/a><a href=\"#\" target=\"_self\" rel=\"noopener\"><img decoding=\"async\" src=\"https:\/\/littleleagueoost.nl\/wp-content\/uploads\/2024\/01\/hightechhitters.png\" \/><\/a><a href=\"#\" target=\"_self\" rel=\"noopener\"><img decoding=\"async\" src=\"https:\/\/littleleagueoost.nl\/wp-content\/uploads\/2024\/01\/hickory.png\" \/><\/a><a href=\"#\" target=\"_self\" rel=\"noopener\"><img decoding=\"async\" src=\"https:\/\/littleleagueoost.nl\/wp-content\/uploads\/2024\/01\/eagles.jpeg\" \/><\/a><a href=\"#\" target=\"_self\" rel=\"noopener\"><img decoding=\"async\" src=\"https:\/\/littleleagueoost.nl\/wp-content\/uploads\/2024\/01\/bluewhawks.png\" \/><\/a><a href=\"#\" target=\"_self\" rel=\"noopener\"><img decoding=\"async\" src=\"https:\/\/littleleagueoost.nl\/wp-content\/uploads\/2024\/01\/arnhem_rhinos.jpg\" \/><\/a><a href=\"#\" target=\"_self\" rel=\"noopener\"><img decoding=\"async\" src=\"https:\/\/littleleagueoost.nl\/wp-content\/uploads\/2024\/01\/animals.jpeg\" \/><\/a><a href=\"#\" target=\"_self\" rel=\"noopener\"><img decoding=\"async\" src=\"https:\/\/littleleagueoost.nl\/wp-content\/uploads\/2024\/01\/0511-headerphoto1-Logo-Giants-1.png\" \/><\/a><a href=\"#\" target=\"_self\" rel=\"noopener\">\u00a0<\/a>","protected":false},"excerpt":{"rendered":"<p>\u00a0\u00a0Ontwikkeling, teamwork en plezier voor jonge honkballers en softbalsters uit Oost Nederland!En dat komt allemaal samen tijdens het NK Little League in het Pinksterweekend, 23-24-25 mei 2026. Wedstrijden voor de honkballers worden gespeeld in Rosmalen en Hoofddorp en de softbalsters mogen als vanouds aantreden in het altijd gezellige Almere!Schrijf je vandaag nog in!\u00a0Teams en leeftijdenOp&hellip; <br \/> <a class=\"button small blue\" href=\"https:\/\/littleleagueoost.nl\/index.php\/2024\/01\/10\/hello-world\/\">Lees verder<\/a><\/p>\n","protected":false},"author":1,"featured_media":0,"parent":0,"menu_order":0,"comment_status":"closed","ping_status":"closed","template":"","meta":{"_acf_changed":false,"footnotes":""},"class_list":["post-77","page","type-page","status-publish","hentry"],"acf":[],"_links":{"self":[{"href":"https:\/\/littleleagueoost.nl\/index.php\/wp-json\/wp\/v2\/pages\/77","targetHints":{"allow":["GET"]}}],"collection":[{"href":"https:\/\/littleleagueoost.nl\/index.php\/wp-json\/wp\/v2\/pages"}],"about":[{"href":"https:\/\/littleleagueoost.nl\/index.php\/wp-json\/wp\/v2\/types\/page"}],"author":[{"embeddable":true,"href":"https:\/\/littleleagueoost.nl\/index.php\/wp-json\/wp\/v2\/users\/1"}],"replies":[{"embeddable":true,"href":"https:\/\/littleleagueoost.nl\/index.php\/wp-json\/wp\/v2\/comments?post=77"}],"version-history":[{"count":86,"href":"https:\/\/littleleagueoost.nl\/index.php\/wp-json\/wp\/v2\/pages\/77\/revisions"}],"predecessor-version":[{"id":369,"href":"https:\/\/littleleagueoost.nl\/index.php\/wp-json\/wp\/v2\/pages\/77\/revisions\/369"}],"wp:attachment":[{"href":"https:\/\/littleleagueoost.nl\/index.php\/wp-json\/wp\/v2\/media?parent=77"}],"curies":[{"name":"wp","href":"https:\/\/api.w.org\/{rel}","templated":true}]}}